{"id":253,"date":"2023-07-14T07:38:02","date_gmt":"2023-07-14T07:38:02","guid":{"rendered":"https:\/\/mm-apartments.at\/?page_id=253"},"modified":"2023-07-14T07:38:02","modified_gmt":"2023-07-14T07:38:02","slug":"datenschutzerklaerung","status":"publish","type":"page","link":"https:\/\/mm-apartments.at\/?page_id=253","title":{"rendered":"Datenschutzerkl\u00e4rung"},"content":{"rendered":"\n<h2 class=\"wp-block-heading\"><strong>Datenschutz<\/strong><\/h2>\n\n\n\n<p>Die Nutzung unserer Website (www.mm-apartments.at) ist in der Regel ohne Angabe personenbezogener Daten m\u00f6glich. Soweit auf unserer Seite personenbezogene Daten (beispielsweise Name, Anschrift, E-Mail-Adressen, im Rahmen einer Reservierung, Er\u00f6ffnung und Regestrierung doch erhoben werden sollte, erfolgt dies, soweit es uns m\u00f6glich ist, nur auf freiwilliger Basis (vgl. \u00a7 13 TMG). Die sensiblen Daten werden ohne Ihre ausdr\u00fcckliche Zustimmung nicht an Dritte weitergegeben. Wir weisen darauf hin, dass die Daten\u00fcbertragung im Internet (z.B. bei der Kommunikation per E-Mail) Sicherheitsl\u00fccken aufweisen kann. Ein l\u00fcckenloser Schutz der Daten vor dem Zugriff durch Dritte ist nicht m\u00f6glich. Die \u00dcbersendung von nicht ausdr\u00fccklich angeforderter Werbung und Informationsmaterialien durch die Benutzung der Kontaktdaten, die im Rahmen der Erf\u00fcllung der Impressumspflicht gem. \u00a7 5 TMG preisgegeben werden, wird hiermit ausdr\u00fccklich widersprochen. Wir behalten uns ausdr\u00fccklich rechtliche Schritte im Falle der unverlangten Zusendung von Werbeinformationen, etwa durch Spam-Mails (insbesondere Newsletter), vor.<\/p>\n\n\n\n<pre class=\"wp-block-verse\">Diese&nbsp;<a href=\"https:\/\/jurarat.de\/muster-datenschutzerklaerung\" target=\"_blank\" rel=\"noreferrer noopener\">Datenschutzerkl\u00e4rung<\/a>&nbsp;wurde freundlicherweise von&nbsp;<a href=\"https:\/\/jurarat.de\/\" target=\"_blank\" rel=\"noreferrer noopener\">jurarat.de<\/a>&nbsp;zur Verf\u00fcgung gestellt.<\/pre>\n","protected":false},"excerpt":{"rendered":"<p>Datenschutz Die Nutzung unserer Website (www.mm-apartments.at) ist in der Regel ohne Angabe personenbezogener Daten m\u00f6glich. Soweit auf unserer Seite personenbezogene Daten (beispielsweise Name, Anschrift, E-Mail-Adressen, im Rahmen einer Reservierung, Er\u00f6ffnung und Regestrierung doch erhoben werden sollte, erfolgt dies, soweit es uns m\u00f6glich ist, nur auf freiwilliger Basis (vgl. \u00a7 13 TMG). Die sensiblen Daten werden [&hellip;]<\/p>\n","protected":false},"author":1,"featured_media":0,"parent":0,"menu_order":0,"comment_status":"closed","ping_status":"closed","template":"","meta":{"_monsterinsights_skip_tracking":false,"_monsterinsights_sitenote_active":false,"_monsterinsights_sitenote_note":"","_monsterinsights_sitenote_category":0,"footnotes":""},"class_list":["post-253","page","type-page","status-publish","hentry"],"aioseo_notices":[],"_links":{"self":[{"href":"https:\/\/mm-apartments.at\/index.php?rest_route=\/wp\/v2\/pages\/253","targetHints":{"allow":["GET"]}}],"collection":[{"href":"https:\/\/mm-apartments.at\/index.php?rest_route=\/wp\/v2\/pages"}],"about":[{"href":"https:\/\/mm-apartments.at\/index.php?rest_route=\/wp\/v2\/types\/page"}],"author":[{"embeddable":true,"href":"https:\/\/mm-apartments.at\/index.php?rest_route=\/wp\/v2\/users\/1"}],"replies":[{"embeddable":true,"href":"https:\/\/mm-apartments.at\/index.php?rest_route=%2Fwp%2Fv2%2Fcomments&post=253"}],"version-history":[{"count":2,"href":"https:\/\/mm-apartments.at\/index.php?rest_route=\/wp\/v2\/pages\/253\/revisions"}],"predecessor-version":[{"id":257,"href":"https:\/\/mm-apartments.at\/index.php?rest_route=\/wp\/v2\/pages\/253\/revisions\/257"}],"wp:attachment":[{"href":"https:\/\/mm-apartments.at\/index.php?rest_route=%2Fwp%2Fv2%2Fmedia&parent=253"}],"curies":[{"name":"wp","href":"https:\/\/api.w.org\/{rel}","templated":true}]}}